{"id":51,"date":"2019-03-25T10:06:26","date_gmt":"2019-03-25T10:06:26","guid":{"rendered":"http:\/\/escuelar.es\/?page_id=51"},"modified":"2024-05-04T18:17:44","modified_gmt":"2024-05-04T18:17:44","slug":"metodologia","status":"publish","type":"page","link":"http:\/\/escuelar.es\/?page_id=51","title":{"rendered":"Metodolog\u00eda"},"content":{"rendered":"\n<p style=\"color:#bf2ed1\" class=\"has-text-color\"><strong>Proyecto innovador<\/strong> basado en metodolog\u00edas activas, donde el ni\u00f1@ es el propio centro del aprendizaje. En nuestra escuela los padres no solo van a dejar a sus hijos en un lugar donde los van a cuidar, adem\u00e1s los ni\u00f1os\/as aprender\u00e1n habilidades sociales que le servir\u00e1n a lo largo de toda su vida. <\/p>\n\n\n\n<p class=\"has-text-color has-vivid-red-color\">La metodolog\u00eda de ense\u00f1anza de nuestra escuela infantil se dirige de forma <strong>personalizada<\/strong>. Estimulamos de forma pedag\u00f3gica para lograr el correcto desarrollo integral a nivel f\u00edsico y ps\u00edquico de cada ni\u00f1o. De esta forma garantizamos un aprendizaje y desarrollo personal \u00f3ptimo. <\/p>\n\n\n\n<p class=\"has-text-color has-vivid-green-cyan-color\"><strong>Escuela familiar. Nuestra principal <\/strong>caracter\u00edstica es q somos una escuela peque\u00f1a donde todos vamos a formar parte del aprendizaje de los peques y donde las familias vais a tener un hogar. <\/p>\n","protected":false},"excerpt":{"rendered":"<p>Proyecto innovador basado en metodolog\u00edas activas, donde el ni\u00f1@ es el propio centro del aprendizaje. En nuestra escuela los padres no solo van a dejar a sus hijos en un lugar donde los van a cuidar, adem\u00e1s los ni\u00f1os\/as aprender\u00e1n &hellip; <\/p>\n","protected":false},"author":1,"featured_media":0,"parent":0,"menu_order":0,"comment_status":"closed","ping_status":"closed","template":"","meta":[],"_links":{"self":[{"href":"http:\/\/escuelar.es\/index.php?rest_route=\/wp\/v2\/pages\/51"}],"collection":[{"href":"http:\/\/escuelar.es\/index.php?rest_route=\/wp\/v2\/pages"}],"about":[{"href":"http:\/\/escuelar.es\/index.php?rest_route=\/wp\/v2\/types\/page"}],"author":[{"embeddable":true,"href":"http:\/\/escuelar.es\/index.php?rest_route=\/wp\/v2\/users\/1"}],"replies":[{"embeddable":true,"href":"http:\/\/escuelar.es\/index.php?rest_route=%2Fwp%2Fv2%2Fcomments&post=51"}],"version-history":[{"count":10,"href":"http:\/\/escuelar.es\/index.php?rest_route=\/wp\/v2\/pages\/51\/revisions"}],"predecessor-version":[{"id":173,"href":"http:\/\/escuelar.es\/index.php?rest_route=\/wp\/v2\/pages\/51\/revisions\/173"}],"wp:attachment":[{"href":"http:\/\/escuelar.es\/index.php?rest_route=%2Fwp%2Fv2%2Fmedia&parent=51"}],"curies":[{"name":"wp","href":"https:\/\/api.w.org\/{rel}","templated":true}]}}