{"id":48,"date":"2019-03-25T10:05:12","date_gmt":"2019-03-25T10:05:12","guid":{"rendered":"http:\/\/escuelar.es\/?page_id=48"},"modified":"2024-05-27T16:50:38","modified_gmt":"2024-05-27T16:50:38","slug":"servicios","status":"publish","type":"page","link":"http:\/\/escuelar.es\/?page_id=48","title":{"rendered":"Servicios"},"content":{"rendered":"\n<p class=\"has-text-color\" style=\"color:#b40f28\"><strong>Talleres para familias.<\/strong> Ofrecemos talleres a las familias para que conozcan y puedan llevar a cabo diferentes temas referentes al bienestar de sus hijos.<\/p>\n\n\n\n<p class=\"has-text-color\" style=\"color:#e722ea\"><strong>Cocina propia<\/strong> Ofrecemos men\u00fas de comida casera, con productos frescos, no procesados ,  comprados y cocinados en el d\u00eda. Se elaboran equilibrados y sanos men\u00fas mensuales para que los ni\u00f1os\/as  se acostumbren a comer todo tipo de alimentos.<\/p>\n\n\n\n<p class=\"has-luminous-vivid-orange-color has-text-color\"><strong>Ampliaci\u00f3n de horarios.<\/strong> Queremos mejorar la conciliaci\u00f3n del horario laboral de los padres y madres de los distintos ni\u00f1os\/as, ofreciendo servicios de horas fuera del horario laboral. Todo ello para que ning\u00fan imprevisto suponga un problema para el\/la ni\u00f1o\/a o para los padres y madres.<\/p>\n\n\n\n<p class=\"has-vivid-cyan-blue-color has-text-color\"><strong>Clases <\/strong>extraescolares de la academia <strong>Kidsyus<\/strong>.Tenemos la suerte de colaborar con la academia y de que realicen clases de ingl\u00e9s en nuestra escuela.<\/p>\n\n\n\n<p class=\"has-vivid-green-cyan-color has-text-color\"><strong>Campamento de verano y d\u00edas sin cole<\/strong>. Tenemos monitores que realizan talleres y actividades para estos d\u00edas.<\/p>\n\n\n\n<p class=\"has-text-color\" style=\"color:#ff0036\"><strong>Fisioterapeuta<\/strong>. Contamos con una profesional que visita la escuela mensualmente para comprobar que nuestro peques est\u00e9n sanos. Adem\u00e1s realizar\u00e1 tratamientos a quienes los ni\u00f1@s que lo soliciten durante el horario escolar.<\/p>\n\n\n\n<p>Colaboramos con la cl\u00ednica Hatari d\u00f3nde tienen un equipo formado por una fisioterapeuta, una maestra de audici\u00f3n y lenguaje y una experta en atenci\u00f3n temprana especialistas en 0-6 a\u00f1os, las cuales nos ayudan y asesoran con cualquier duda que tengamos acerca de nuestros peques.<\/p>\n\n\n\n<p class=\"has-text-color\" style=\"color:#d18400\"><strong>Pa\u00f1ales <\/strong>chelino. Ofrecemos a las familias la posibilidad de comprar los pa\u00f1ales y toallitas en la escuela, ofertando pa\u00f1ales ecol\u00f3gicos de muy buena calidad.<\/p>\n\n\n\n<p class=\"has-text-color\" style=\"color:#00a30b\"><strong>Agenda digital<\/strong> KidS and Clouds. Contamos con una agenda digital que funciona por medio de una APP para facilitar a las familias el seguimiento diario de los ni\u00f1@s en la escuela.<\/p>\n","protected":false},"excerpt":{"rendered":"<p>Talleres para familias. Ofrecemos talleres a las familias para que conozcan y puedan llevar a cabo diferentes temas referentes al bienestar de sus hijos. Cocina propia Ofrecemos men\u00fas de comida casera, con productos frescos, no procesados , comprados y cocinados &hellip; <\/p>\n","protected":false},"author":1,"featured_media":0,"parent":0,"menu_order":0,"comment_status":"closed","ping_status":"closed","template":"","meta":[],"_links":{"self":[{"href":"http:\/\/escuelar.es\/index.php?rest_route=\/wp\/v2\/pages\/48"}],"collection":[{"href":"http:\/\/escuelar.es\/index.php?rest_route=\/wp\/v2\/pages"}],"about":[{"href":"http:\/\/escuelar.es\/index.php?rest_route=\/wp\/v2\/types\/page"}],"author":[{"embeddable":true,"href":"http:\/\/escuelar.es\/index.php?rest_route=\/wp\/v2\/users\/1"}],"replies":[{"embeddable":true,"href":"http:\/\/escuelar.es\/index.php?rest_route=%2Fwp%2Fv2%2Fcomments&post=48"}],"version-history":[{"count":21,"href":"http:\/\/escuelar.es\/index.php?rest_route=\/wp\/v2\/pages\/48\/revisions"}],"predecessor-version":[{"id":185,"href":"http:\/\/escuelar.es\/index.php?rest_route=\/wp\/v2\/pages\/48\/revisions\/185"}],"wp:attachment":[{"href":"http:\/\/escuelar.es\/index.php?rest_route=%2Fwp%2Fv2%2Fmedia&parent=48"}],"curies":[{"name":"wp","href":"https:\/\/api.w.org\/{rel}","templated":true}]}}